{"id":81,"date":"2021-05-21T12:06:17","date_gmt":"2021-05-21T12:06:17","guid":{"rendered":"https:\/\/baiasprie.assoc.ro\/?page_id=81"},"modified":"2022-02-28T09:56:57","modified_gmt":"2022-02-28T09:56:57","slug":"acasa","status":"publish","type":"page","link":"https:\/\/baiasprie.assoc.ro\/","title":{"rendered":"Acas\u0103"},"content":{"rendered":"<p><img decoding=\"async\" src=\"https:\/\/baiasprie.assoc.ro\/wp-content\/uploads\/2021\/06\/WhatsApp-Image-2021-06-25-at-15.16.37.jpeg\" title=\"\" alt=\"\" \/><br \/>\n\t\t\t\t\t\t\t\t\t\t\t\t\t\t\t<img decoding=\"async\" width=\"2002\" height=\"1254\" src=\"https:\/\/baiasprie.assoc.ro\/wp-content\/uploads\/2021\/07\/cover-website-baiasprie-ok.png\" alt=\"\" loading=\"lazy\" \/>\t\t\t\t\t\t\t\t\t\t\t\t\t\t\t<\/p>\n<h4>PROIECT<\/h4>\n<p><strong>Dezvoltarea comunit\u0103\u021bii prin m\u0103suri integrate<br \/>\n<\/strong>POCU\/827\/5\/2\/139979\t\t<\/p>\n<h4>DURAT\u0102<\/h4>\n<p><strong>Durat\u0103 de implementare:<br \/><\/strong>01.06.2021 \u2013 31.05.2023<\/p>\n<h4>VALOARE<\/h4>\n<p><strong>Valoare total\u0103 proiect:<br \/><\/strong>4,832,087.41 lei<\/p>\n<h4>COFINAN\u021aARE<\/h4>\n<p><strong>Valoare cofinan\u021bare UE:<\/strong><br \/>4.590.483,05 lei<\/p>\n<h4>BENEFICIAR<\/h4>\n<p>Asocia\u021bia Profesional\u0103 Neguvernamental\u0103 de Asisten\u021b\u0103 Social\u0103 ASSOC<\/p>\n<h4>PARTENERI<\/h4>\n<p>Prim\u0103ria Baia Sprie \u0219i Liceul Tehnologic de Transporturi Auto Baia Sprie.<\/p>\n<h3>NOUT\u0102\u021aI<\/h3>\n<h3>OBIECTIVELE PROIECTULUI<\/h3>\n<p style=\"font-weight: 400;\">Cre\u0219terea gradului de incluziune social\u0103, combaterea\u00a0 s\u0103r\u0103ciei \u0219i a oric\u0103rei forme de discriminare prin dezvoltarea \u0219i consolidarea m\u0103surilor integrate \u00een serviciile sociale, prin interven\u021bii specifice \u00een domeniul educa\u021biei, ocup\u0103rii \u00een munc\u0103, inform\u0103rii \u0219i consilierii, precum \u0219i promov\u0103rii multiculturalismului sunt c\u00e2teva dintre obiectivele echipei de proiect.<\/p>\n<p>\t\t\t\t+<br \/>\n\t\t\t\t0<br \/>\n\t\t\t\t\t\t\tPlanuri individuale de interven\u021bie<br \/>\n\t\t\t\t+<br \/>\n\t\t\t\t0<br \/>\n\t\t\t\t\t\t\tServicii educative relevante<br \/>\n\t\t\t\t+<br \/>\n\t\t\t\t0<br \/>\n\t\t\t\t\t\t\tAbsolven\u021bi cursuri de ini\u021biere<br \/>\n\t\t\t\t+<br \/>\n\t\t\t\t0<br \/>\n\t\t\t\t\t\t\tPersoane nou angajate<\/p>\n","protected":false},"excerpt":{"rendered":"<p>PROIECT Dezvoltarea comunit\u0103\u021bii prin m\u0103suri integrate POCU\/827\/5\/2\/139979 DURAT\u0102 Durat\u0103 de implementare:01.06.2021 \u2013 31.05.2023 VALOARE Valoare total\u0103 proiect:4,832,087.41 lei COFINAN\u021aARE Valoare cofinan\u021bare UE:4.590.483,05 lei BENEFICIAR Asocia\u021bia Profesional\u0103 Neguvernamental\u0103 de Asisten\u021b\u0103 Social\u0103 ASSOC PARTENERI Prim\u0103ria Baia Sprie \u0219i Liceul Tehnologic de Transporturi Auto Baia Sprie. NOUT\u0102\u021aI OBIECTIVELE PROIECTULUI Cre\u0219terea gradului de incluziune social\u0103, combaterea\u00a0 s\u0103r\u0103ciei \u0219i a [&hellip;]<\/p>\n","protected":false},"author":1,"featured_media":0,"parent":0,"menu_order":0,"comment_status":"closed","ping_status":"closed","template":"elementor_header_footer","meta":{"footnotes":""},"class_list":["post-81","page","type-page","status-publish","hentry"],"yoast_head":"<!-- This site is optimized with the Yoast SEO plugin v27.3 - https:\/\/yoast.com\/product\/yoast-seo-wordpress\/ -->\n<title>Acas\u0103 - Dezvoltarea comunit\u0103\u021bii Baia Sprie prin m\u0103suri integrate<\/title>\n<meta name=\"robots\" content=\"index, follow, max-snippet:-1, max-image-preview:large, max-video-preview:-1\" \/>\n<link rel=\"canonical\" href=\"https:\/\/baiasprie.assoc.ro\/\" \/>\n<meta property=\"og:locale\" content=\"en_US\" \/>\n<meta property=\"og:type\" content=\"article\" \/>\n<meta property=\"og:title\" content=\"Acas\u0103 - Dezvoltarea comunit\u0103\u021bii Baia Sprie prin m\u0103suri integrate\" \/>\n<meta property=\"og:description\" content=\"PROIECT Dezvoltarea comunit\u0103\u021bii prin m\u0103suri integrate POCU\/827\/5\/2\/139979 DURAT\u0102 Durat\u0103 de implementare:01.06.2021 \u2013 31.05.2023 VALOARE Valoare total\u0103 proiect:4,832,087.41 lei COFINAN\u021aARE Valoare cofinan\u021bare UE:4.590.483,05 lei BENEFICIAR Asocia\u021bia Profesional\u0103 Neguvernamental\u0103 de Asisten\u021b\u0103 Social\u0103 ASSOC PARTENERI Prim\u0103ria Baia Sprie \u0219i Liceul Tehnologic de Transporturi Auto Baia Sprie. NOUT\u0102\u021aI OBIECTIVELE PROIECTULUI Cre\u0219terea gradului de incluziune social\u0103, combaterea\u00a0 s\u0103r\u0103ciei \u0219i a [&hellip;]\" \/>\n<meta property=\"og:url\" content=\"https:\/\/baiasprie.assoc.ro\/\" \/>\n<meta property=\"og:site_name\" content=\"Dezvoltarea comunit\u0103\u021bii Baia Sprie prin m\u0103suri integrate\" \/>\n<meta property=\"article:modified_time\" content=\"2022-02-28T09:56:57+00:00\" \/>\n<meta property=\"og:image\" content=\"https:\/\/baiasprie.assoc.ro\/wp-content\/uploads\/2021\/06\/WhatsApp-Image-2021-06-25-at-15.16.37.jpeg\" \/>\n<meta name=\"twitter:card\" content=\"summary_large_image\" \/>\n<meta name=\"twitter:label1\" content=\"Est. reading time\" \/>\n\t<meta name=\"twitter:data1\" content=\"1 minute\" \/>\n<script type=\"application\/ld+json\" class=\"yoast-schema-graph\">{\"@context\":\"https:\\\/\\\/schema.org\",\"@graph\":[{\"@type\":\"WebPage\",\"@id\":\"https:\\\/\\\/baiasprie.assoc.ro\\\/\",\"url\":\"https:\\\/\\\/baiasprie.assoc.ro\\\/\",\"name\":\"Acas\u0103 - Dezvoltarea comunit\u0103\u021bii Baia Sprie prin m\u0103suri integrate\",\"isPartOf\":{\"@id\":\"https:\\\/\\\/baiasprie.assoc.ro\\\/#website\"},\"primaryImageOfPage\":{\"@id\":\"https:\\\/\\\/baiasprie.assoc.ro\\\/#primaryimage\"},\"image\":{\"@id\":\"https:\\\/\\\/baiasprie.assoc.ro\\\/#primaryimage\"},\"thumbnailUrl\":\"https:\\\/\\\/baiasprie.assoc.ro\\\/wp-content\\\/uploads\\\/2021\\\/06\\\/WhatsApp-Image-2021-06-25-at-15.16.37.jpeg\",\"datePublished\":\"2021-05-21T12:06:17+00:00\",\"dateModified\":\"2022-02-28T09:56:57+00:00\",\"breadcrumb\":{\"@id\":\"https:\\\/\\\/baiasprie.assoc.ro\\\/#breadcrumb\"},\"inLanguage\":\"en-US\",\"potentialAction\":[{\"@type\":\"ReadAction\",\"target\":[\"https:\\\/\\\/baiasprie.assoc.ro\\\/\"]}]},{\"@type\":\"ImageObject\",\"inLanguage\":\"en-US\",\"@id\":\"https:\\\/\\\/baiasprie.assoc.ro\\\/#primaryimage\",\"url\":\"https:\\\/\\\/baiasprie.assoc.ro\\\/wp-content\\\/uploads\\\/2021\\\/06\\\/WhatsApp-Image-2021-06-25-at-15.16.37.jpeg\",\"contentUrl\":\"https:\\\/\\\/baiasprie.assoc.ro\\\/wp-content\\\/uploads\\\/2021\\\/06\\\/WhatsApp-Image-2021-06-25-at-15.16.37.jpeg\"},{\"@type\":\"BreadcrumbList\",\"@id\":\"https:\\\/\\\/baiasprie.assoc.ro\\\/#breadcrumb\",\"itemListElement\":[{\"@type\":\"ListItem\",\"position\":1,\"name\":\"Home\",\"item\":\"https:\\\/\\\/baiasprie.assoc.ro\\\/\"},{\"@type\":\"ListItem\",\"position\":2,\"name\":\"Acas\u0103\"}]},{\"@type\":\"WebSite\",\"@id\":\"https:\\\/\\\/baiasprie.assoc.ro\\\/#website\",\"url\":\"https:\\\/\\\/baiasprie.assoc.ro\\\/\",\"name\":\"Dezvoltarea comunit\u0103\u021bii Baia Sprie prin m\u0103suri integrate\",\"description\":\"\",\"publisher\":{\"@id\":\"https:\\\/\\\/baiasprie.assoc.ro\\\/#organization\"},\"potentialAction\":[{\"@type\":\"SearchAction\",\"target\":{\"@type\":\"EntryPoint\",\"urlTemplate\":\"https:\\\/\\\/baiasprie.assoc.ro\\\/?s={search_term_string}\"},\"query-input\":{\"@type\":\"PropertyValueSpecification\",\"valueRequired\":true,\"valueName\":\"search_term_string\"}}],\"inLanguage\":\"en-US\"},{\"@type\":\"Organization\",\"@id\":\"https:\\\/\\\/baiasprie.assoc.ro\\\/#organization\",\"name\":\"Dezvoltarea comunit\u0103\u021bii Baia Sprie prin m\u0103suri integrate\",\"url\":\"https:\\\/\\\/baiasprie.assoc.ro\\\/\",\"logo\":{\"@type\":\"ImageObject\",\"inLanguage\":\"en-US\",\"@id\":\"https:\\\/\\\/baiasprie.assoc.ro\\\/#\\\/schema\\\/logo\\\/image\\\/\",\"url\":\"https:\\\/\\\/baiasprie.assoc.ro\\\/wp-content\\\/uploads\\\/2021\\\/06\\\/WhatsApp-Image-2021-06-29-at-16.15.23.jpeg\",\"contentUrl\":\"https:\\\/\\\/baiasprie.assoc.ro\\\/wp-content\\\/uploads\\\/2021\\\/06\\\/WhatsApp-Image-2021-06-29-at-16.15.23.jpeg\",\"width\":1596,\"height\":1600,\"caption\":\"Dezvoltarea comunit\u0103\u021bii Baia Sprie prin m\u0103suri integrate\"},\"image\":{\"@id\":\"https:\\\/\\\/baiasprie.assoc.ro\\\/#\\\/schema\\\/logo\\\/image\\\/\"}}]}<\/script>\n<!-- \/ Yoast SEO plugin. -->","yoast_head_json":{"title":"Acas\u0103 - Dezvoltarea comunit\u0103\u021bii Baia Sprie prin m\u0103suri integrate","robots":{"index":"index","follow":"follow","max-snippet":"max-snippet:-1","max-image-preview":"max-image-preview:large","max-video-preview":"max-video-preview:-1"},"canonical":"https:\/\/baiasprie.assoc.ro\/","og_locale":"en_US","og_type":"article","og_title":"Acas\u0103 - Dezvoltarea comunit\u0103\u021bii Baia Sprie prin m\u0103suri integrate","og_description":"PROIECT Dezvoltarea comunit\u0103\u021bii prin m\u0103suri integrate POCU\/827\/5\/2\/139979 DURAT\u0102 Durat\u0103 de implementare:01.06.2021 \u2013 31.05.2023 VALOARE Valoare total\u0103 proiect:4,832,087.41 lei COFINAN\u021aARE Valoare cofinan\u021bare UE:4.590.483,05 lei BENEFICIAR Asocia\u021bia Profesional\u0103 Neguvernamental\u0103 de Asisten\u021b\u0103 Social\u0103 ASSOC PARTENERI Prim\u0103ria Baia Sprie \u0219i Liceul Tehnologic de Transporturi Auto Baia Sprie. NOUT\u0102\u021aI OBIECTIVELE PROIECTULUI Cre\u0219terea gradului de incluziune social\u0103, combaterea\u00a0 s\u0103r\u0103ciei \u0219i a [&hellip;]","og_url":"https:\/\/baiasprie.assoc.ro\/","og_site_name":"Dezvoltarea comunit\u0103\u021bii Baia Sprie prin m\u0103suri integrate","article_modified_time":"2022-02-28T09:56:57+00:00","og_image":[{"url":"https:\/\/baiasprie.assoc.ro\/wp-content\/uploads\/2021\/06\/WhatsApp-Image-2021-06-25-at-15.16.37.jpeg","type":"","width":"","height":""}],"twitter_card":"summary_large_image","twitter_misc":{"Est. reading time":"1 minute"},"schema":{"@context":"https:\/\/schema.org","@graph":[{"@type":"WebPage","@id":"https:\/\/baiasprie.assoc.ro\/","url":"https:\/\/baiasprie.assoc.ro\/","name":"Acas\u0103 - Dezvoltarea comunit\u0103\u021bii Baia Sprie prin m\u0103suri integrate","isPartOf":{"@id":"https:\/\/baiasprie.assoc.ro\/#website"},"primaryImageOfPage":{"@id":"https:\/\/baiasprie.assoc.ro\/#primaryimage"},"image":{"@id":"https:\/\/baiasprie.assoc.ro\/#primaryimage"},"thumbnailUrl":"https:\/\/baiasprie.assoc.ro\/wp-content\/uploads\/2021\/06\/WhatsApp-Image-2021-06-25-at-15.16.37.jpeg","datePublished":"2021-05-21T12:06:17+00:00","dateModified":"2022-02-28T09:56:57+00:00","breadcrumb":{"@id":"https:\/\/baiasprie.assoc.ro\/#breadcrumb"},"inLanguage":"en-US","potentialAction":[{"@type":"ReadAction","target":["https:\/\/baiasprie.assoc.ro\/"]}]},{"@type":"ImageObject","inLanguage":"en-US","@id":"https:\/\/baiasprie.assoc.ro\/#primaryimage","url":"https:\/\/baiasprie.assoc.ro\/wp-content\/uploads\/2021\/06\/WhatsApp-Image-2021-06-25-at-15.16.37.jpeg","contentUrl":"https:\/\/baiasprie.assoc.ro\/wp-content\/uploads\/2021\/06\/WhatsApp-Image-2021-06-25-at-15.16.37.jpeg"},{"@type":"BreadcrumbList","@id":"https:\/\/baiasprie.assoc.ro\/#breadcrumb","itemListElement":[{"@type":"ListItem","position":1,"name":"Home","item":"https:\/\/baiasprie.assoc.ro\/"},{"@type":"ListItem","position":2,"name":"Acas\u0103"}]},{"@type":"WebSite","@id":"https:\/\/baiasprie.assoc.ro\/#website","url":"https:\/\/baiasprie.assoc.ro\/","name":"Dezvoltarea comunit\u0103\u021bii Baia Sprie prin m\u0103suri integrate","description":"","publisher":{"@id":"https:\/\/baiasprie.assoc.ro\/#organization"},"potentialAction":[{"@type":"SearchAction","target":{"@type":"EntryPoint","urlTemplate":"https:\/\/baiasprie.assoc.ro\/?s={search_term_string}"},"query-input":{"@type":"PropertyValueSpecification","valueRequired":true,"valueName":"search_term_string"}}],"inLanguage":"en-US"},{"@type":"Organization","@id":"https:\/\/baiasprie.assoc.ro\/#organization","name":"Dezvoltarea comunit\u0103\u021bii Baia Sprie prin m\u0103suri integrate","url":"https:\/\/baiasprie.assoc.ro\/","logo":{"@type":"ImageObject","inLanguage":"en-US","@id":"https:\/\/baiasprie.assoc.ro\/#\/schema\/logo\/image\/","url":"https:\/\/baiasprie.assoc.ro\/wp-content\/uploads\/2021\/06\/WhatsApp-Image-2021-06-29-at-16.15.23.jpeg","contentUrl":"https:\/\/baiasprie.assoc.ro\/wp-content\/uploads\/2021\/06\/WhatsApp-Image-2021-06-29-at-16.15.23.jpeg","width":1596,"height":1600,"caption":"Dezvoltarea comunit\u0103\u021bii Baia Sprie prin m\u0103suri integrate"},"image":{"@id":"https:\/\/baiasprie.assoc.ro\/#\/schema\/logo\/image\/"}}]}},"_links":{"self":[{"href":"https:\/\/baiasprie.assoc.ro\/index.php?rest_route=\/wp\/v2\/pages\/81","targetHints":{"allow":["GET"]}}],"collection":[{"href":"https:\/\/baiasprie.assoc.ro\/index.php?rest_route=\/wp\/v2\/pages"}],"about":[{"href":"https:\/\/baiasprie.assoc.ro\/index.php?rest_route=\/wp\/v2\/types\/page"}],"author":[{"embeddable":true,"href":"https:\/\/baiasprie.assoc.ro\/index.php?rest_route=\/wp\/v2\/users\/1"}],"replies":[{"embeddable":true,"href":"https:\/\/baiasprie.assoc.ro\/index.php?rest_route=%2Fwp%2Fv2%2Fcomments&post=81"}],"version-history":[{"count":137,"href":"https:\/\/baiasprie.assoc.ro\/index.php?rest_route=\/wp\/v2\/pages\/81\/revisions"}],"predecessor-version":[{"id":462,"href":"https:\/\/baiasprie.assoc.ro\/index.php?rest_route=\/wp\/v2\/pages\/81\/revisions\/462"}],"wp:attachment":[{"href":"https:\/\/baiasprie.assoc.ro\/index.php?rest_route=%2Fwp%2Fv2%2Fmedia&parent=81"}],"curies":[{"name":"wp","href":"https:\/\/api.w.org\/{rel}","templated":true}]}}